{"id":450,"date":"2025-07-02T15:17:12","date_gmt":"2025-07-02T13:17:12","guid":{"rendered":"https:\/\/me-capital.de\/?page_id=450"},"modified":"2025-08-11T15:30:31","modified_gmt":"2025-08-11T13:30:31","slug":"mpe-ventures","status":"publish","type":"page","link":"https:\/\/me-capital.de\/en\/mpe-ventures\/","title":{"rendered":"MPE Ventures"},"content":{"rendered":"","protected":false},"excerpt":{"rendered":"","protected":false},"author":1,"featured_media":0,"parent":0,"menu_order":0,"comment_status":"closed","ping_status":"closed","template":"","meta":{"_acf_changed":false,"_seopress_robots_primary_cat":"","_seopress_titles_title":"MPE Ventures: Ihr Partner f\u00fcr innovative Startups","_seopress_titles_desc":"F\u00f6rdern Sie nachhaltiges Wachstum mit MPE Ventures: Investitionen und Unterst\u00fctzung f\u00fcr innovative Startups im produzierenden Gewerbe.","_seopress_robots_index":"","footnotes":""},"class_list":["post-450","page","type-page","status-publish"],"acf":[],"_links":{"self":[{"href":"https:\/\/me-capital.de\/en\/wp-json\/wp\/v2\/pages\/450","targetHints":{"allow":["GET"]}}],"collection":[{"href":"https:\/\/me-capital.de\/en\/wp-json\/wp\/v2\/pages"}],"about":[{"href":"https:\/\/me-capital.de\/en\/wp-json\/wp\/v2\/types\/page"}],"author":[{"embeddable":true,"href":"https:\/\/me-capital.de\/en\/wp-json\/wp\/v2\/users\/1"}],"replies":[{"embeddable":true,"href":"https:\/\/me-capital.de\/en\/wp-json\/wp\/v2\/comments?post=450"}],"version-history":[{"count":0,"href":"https:\/\/me-capital.de\/en\/wp-json\/wp\/v2\/pages\/450\/revisions"}],"wp:attachment":[{"href":"https:\/\/me-capital.de\/en\/wp-json\/wp\/v2\/media?parent=450"}],"curies":[{"name":"wp","href":"https:\/\/api.w.org\/{rel}","templated":true}]}}