{"id":344,"date":"2025-03-14T10:06:57","date_gmt":"2025-03-14T09:06:57","guid":{"rendered":"https:\/\/me-capital.de\/?page_id=344"},"modified":"2025-03-26T09:45:42","modified_gmt":"2025-03-26T08:45:42","slug":"accessibility","status":"publish","type":"page","link":"https:\/\/me-capital.de\/en\/barrierefreiheit\/","title":{"rendered":"Declaration on accessibility"},"content":{"rendered":"<h2 class=\"wp-block-heading\">Introduction<\/h2>\n\n\n\n<p>ME Capital Advisory &amp; Consulting GmbH, Moschen\u00e4ckerweg 6, 71134 Aidlingen, Germany, endeavors to make this website accessible in accordance with the Barrierefreiheitsst\u00e4rkungsgesetz (BFSG). This declaration on accessibility applies to the website <em>me-capital.de<\/em>.<\/p>\n\n\n\n<h2 class=\"wp-block-heading\">Status of compatibility with the requirements<\/h2>\n\n\n\n<p>We have taken extensive measures to ensure the accessibility of our website. These include<\/p>\n\n\n\n<ul class=\"wp-block-list\">\n<li><strong>Correct semantics of headings and hierarchy<\/strong>Our website has been checked to ensure that the structure and headings are correct.<\/li>\n\n\n\n<li><strong>Color contrasts of texts and backgrounds<\/strong>We have checked the color contrasts to ensure good legibility.<\/li>\n\n\n\n<li><strong>Alt tags for images<\/strong>: All images are alt-tagged for better accessibility.<\/li>\n\n\n\n<li><strong>Navigability with keyboard<\/strong>The website can be operated entirely with the keyboard.<\/li>\n\n\n\n<li><strong>Further measures<\/strong>We are constantly striving to improve our website and integrate new technologies to increase accessibility.<\/li>\n<\/ul>\n\n\n\n<p>We are aware that there may still be areas that can be improved. We are continuously working on adapting our website to the requirements of the BFSG.<\/p>\n\n\n\n<h2 class=\"wp-block-heading\">Contact information<\/h2>\n\n\n\n<p>The responsible body for the accessibility of this website is:<\/p>\n\n\n\n<p>Philipp Egner<br>Phone: +49(0)7056 927872<br>E-mail: info@mecapital.de<\/p>\n\n\n\n<h2 class=\"wp-block-heading\">Feedback mechanism<\/h2>\n\n\n\n<p>To report barriers to using this website or to request assistance, you can contact us using the contact information above.<\/p>\n\n\n\n<h2 class=\"wp-block-heading\">Updating the declaration<\/h2>\n\n\n\n<p>This accessibility statement is regularly reviewed and updated to accurately reflect the current state of accessibility.<\/p>","protected":false},"excerpt":{"rendered":"<p>Einleitung , , ist bestrebt, diese Website in \u00dcbereinstimmung mit dem Barriere\u00adfreiheits\u00adst\u00e4rkungs\u00adgesetz (BFSG) barrierefrei zug\u00e4nglich zu machen. Diese Erkl\u00e4rung zur Barriere\u00adfreiheit gilt f\u00fcr die Website . Stand der Vereinbarkeit mit den Anforderungen Wir haben umfangreiche Ma\u00dfnahmen ergriffen, um die Barrierefreiheit unserer Website sicherzustellen. Dazu geh\u00f6ren: Wir sind uns bewusst, dass es m\u00f6glicherweise noch Bereiche gibt, [&hellip;]<\/p>\n","protected":false},"author":1,"featured_media":0,"parent":0,"menu_order":0,"comment_status":"closed","ping_status":"closed","template":"","meta":{"_acf_changed":false,"_seopress_robots_primary_cat":"","_seopress_titles_title":"","_seopress_titles_desc":"","_seopress_robots_index":"yes","footnotes":""},"class_list":["post-344","page","type-page","status-publish"],"acf":[],"_links":{"self":[{"href":"https:\/\/me-capital.de\/en\/wp-json\/wp\/v2\/pages\/344","targetHints":{"allow":["GET"]}}],"collection":[{"href":"https:\/\/me-capital.de\/en\/wp-json\/wp\/v2\/pages"}],"about":[{"href":"https:\/\/me-capital.de\/en\/wp-json\/wp\/v2\/types\/page"}],"author":[{"embeddable":true,"href":"https:\/\/me-capital.de\/en\/wp-json\/wp\/v2\/users\/1"}],"replies":[{"embeddable":true,"href":"https:\/\/me-capital.de\/en\/wp-json\/wp\/v2\/comments?post=344"}],"version-history":[{"count":0,"href":"https:\/\/me-capital.de\/en\/wp-json\/wp\/v2\/pages\/344\/revisions"}],"wp:attachment":[{"href":"https:\/\/me-capital.de\/en\/wp-json\/wp\/v2\/media?parent=344"}],"curies":[{"name":"wp","href":"https:\/\/api.w.org\/{rel}","templated":true}]}}